{"id":199,"date":"2016-12-11T12:40:23","date_gmt":"2016-12-11T11:40:23","guid":{"rendered":"http:\/\/france-u-almaty2017.com\/?page_id=199"},"modified":"2016-12-11T13:22:34","modified_gmt":"2016-12-11T12:22:34","slug":"mentions-legales","status":"publish","type":"page","link":"https:\/\/france-u-almaty2017.com\/index.php\/mentions-legales\/","title":{"rendered":"Mentions l\u00e9gales"},"content":{"rendered":"<div id=\"pl-199\"  class=\"panel-layout\" ><div id=\"pg-199-0\"  class=\"panel-grid panel-no-style\" ><div id=\"pgc-199-0-0\"  class=\"panel-grid-cell\" ><div id=\"panel-199-0-0-0\" class=\"so-panel widget widget_black-studio-tinymce widget_black_studio_tinymce panel-first-child panel-last-child\" data-index=\"0\" ><div class=\"textwidget\"><p><strong>Vous \u00eates actuellement connect\u00e9 au site \u00ab france-u-almaty.com\u00a0\u00bb \u00e9dit\u00e9 par la F\u00e9d\u00e9ration Fran\u00e7aise du Sport Universitaire (<a href=\"http:\/\/www.sport-u.com\/\" target=\"_blank\">FF Sport U<\/a>).<\/strong><\/p>\n<ul>\n<li>Le pr\u00e9sent site internet est\u00a0la propri\u00e9t\u00e9 exclusive de la F\u00e9d\u00e9ration Fran\u00e7aise du Sport Universitaire, association loi 1901, dont le si\u00e8ge se situe au 108, avenue de Fontainebleau, 94270 Le Kremlin-Bic\u00eatre, France (Tel : 01 58 68 22 75)<\/li>\n<li>Le directeur de la publication du pr\u00e9sent site internet est M. Jean-Fran\u00e7ois SAUTEREAU, pr\u00e9sident de la FFSport U<\/li>\n<li>Ce site est h\u00e9berg\u00e9 par la soci\u00e9t\u00e9 \u00a0..................<\/li>\n<li>L\u2019\u00e9diteur s\u2019engage \u00e0 respecter l\u2019ensemble des lois concernant la mise en place et l\u2019activit\u00e9 d\u2019un site internet<\/li>\n<\/ul>\n<p><a href=\"http:\/\/www.sport-u.com\/\" target=\"_blank\"><img loading=\"lazy\" decoding=\"async\" class=\"alignnone size-full wp-image-202\" src=\"\/\/france-u-almaty2017.com\/wp-content\/uploads\/2016\/12\/logo_ffsu_transp-1.png\" alt=\"\" width=\"171\" height=\"120\" \/><\/a><\/p>\n<\/div><\/div><\/div><div id=\"pgc-199-0-1\"  class=\"panel-grid-cell\" ><div id=\"panel-199-0-1-0\" class=\"so-panel widget widget_black-studio-tinymce widget_black_studio_tinymce panel-first-child panel-last-child\" data-index=\"1\" ><div class=\"textwidget\"><p><img loading=\"lazy\" decoding=\"async\" class=\"alignnone size-full wp-image-45\" src=\"\/\/france-u-almaty2017.com\/wp-content\/uploads\/2016\/12\/bandeau_vertical_almaty_01.jpg\" alt=\"\" width=\"636\" height=\"1000\" srcset=\"https:\/\/france-u-almaty2017.com\/wp-content\/uploads\/2016\/12\/bandeau_vertical_almaty_01.jpg 636w, https:\/\/france-u-almaty2017.com\/wp-content\/uploads\/2016\/12\/bandeau_vertical_almaty_01-191x300.jpg 191w\" sizes=\"(max-width: 636px) 100vw, 636px\" \/><\/p>\n<\/div><\/div><\/div><\/div><\/div>","protected":false},"excerpt":{"rendered":"<p>Vous \u00eates actuellement connect\u00e9 au site \u00ab france-u-almaty.com\u00a0\u00bb \u00e9dit\u00e9 par la F\u00e9d\u00e9ration Fran\u00e7aise du Sport Universitaire (FF Sport U).Le pr\u00e9sent site internet est\u00a0la propri\u00e9t\u00e9 exclusive de la F\u00e9d\u00e9ration Fran\u00e7aise du Sport Universitaire, association loi 1901, dont le si\u00e8ge se situe &hellip; <a href=\"https:\/\/france-u-almaty2017.com\/index.php\/mentions-legales\/\">Lire la suite\u00ad\u00ad<\/a><\/p>\n","protected":false},"author":1,"featured_media":0,"parent":0,"menu_order":0,"comment_status":"closed","ping_status":"closed","template":"","meta":{"jetpack_post_was_ever_published":false,"footnotes":""},"yoast_head":"<!-- This site is optimized with the Yoast SEO plugin v21.8 - https:\/\/yoast.com\/wordpress\/plugins\/seo\/ -->\n<title>Mentions l\u00e9gales - France U Almaty 2017<\/title>\n<meta name=\"robots\" content=\"index, follow, max-snippet:-1, max-image-preview:large, max-video-preview:-1\" \/>\n<link rel=\"canonical\" href=\"https:\/\/france-u-almaty2017.com\/index.php\/mentions-legales\/\" \/>\n<meta property=\"og:locale\" content=\"fr_FR\" \/>\n<meta property=\"og:type\" content=\"article\" \/>\n<meta property=\"og:title\" content=\"Mentions l\u00e9gales - France U Almaty 2017\" \/>\n<meta property=\"og:description\" content=\"Vous \u00eates actuellement connect\u00e9 au site \u00ab france-u-almaty.com\u00a0\u00bb \u00e9dit\u00e9 par la F\u00e9d\u00e9ration Fran\u00e7aise du Sport Universitaire (FF Sport U).Le pr\u00e9sent site internet est\u00a0la propri\u00e9t\u00e9 exclusive de la F\u00e9d\u00e9ration Fran\u00e7aise du Sport Universitaire, association loi 1901, dont le si\u00e8ge se situe &hellip; Lire la suite\u00ad\u00ad\" \/>\n<meta property=\"og:url\" content=\"https:\/\/france-u-almaty2017.com\/index.php\/mentions-legales\/\" \/>\n<meta property=\"og:site_name\" content=\"France U Almaty 2017\" \/>\n<meta property=\"article:publisher\" content=\"https:\/\/www.facebook.com\/FFSportUniversitaire\/\" \/>\n<meta property=\"article:modified_time\" content=\"2016-12-11T12:22:34+00:00\" \/>\n<meta name=\"twitter:card\" content=\"summary_large_image\" \/>\n<meta name=\"twitter:site\" content=\"@ffsportu\" \/>\n<meta name=\"twitter:label1\" content=\"Dur\u00e9e de lecture estim\u00e9e\" \/>\n\t<meta name=\"twitter:data1\" content=\"1 minute\" \/>\n<script type=\"application\/ld+json\" class=\"yoast-schema-graph\">{\"@context\":\"https:\/\/schema.org\",\"@graph\":[{\"@type\":\"WebPage\",\"@id\":\"https:\/\/france-u-almaty2017.com\/index.php\/mentions-legales\/\",\"url\":\"https:\/\/france-u-almaty2017.com\/index.php\/mentions-legales\/\",\"name\":\"Mentions l\u00e9gales - France U Almaty 2017\",\"isPartOf\":{\"@id\":\"https:\/\/france-u-almaty2017.com\/#website\"},\"datePublished\":\"2016-12-11T11:40:23+00:00\",\"dateModified\":\"2016-12-11T12:22:34+00:00\",\"breadcrumb\":{\"@id\":\"https:\/\/france-u-almaty2017.com\/index.php\/mentions-legales\/#breadcrumb\"},\"inLanguage\":\"fr-FR\",\"potentialAction\":[{\"@type\":\"ReadAction\",\"target\":[\"https:\/\/france-u-almaty2017.com\/index.php\/mentions-legales\/\"]}]},{\"@type\":\"BreadcrumbList\",\"@id\":\"https:\/\/france-u-almaty2017.com\/index.php\/mentions-legales\/#breadcrumb\",\"itemListElement\":[{\"@type\":\"ListItem\",\"position\":1,\"name\":\"Accueil\",\"item\":\"https:\/\/france-u-almaty2017.com\/\"},{\"@type\":\"ListItem\",\"position\":2,\"name\":\"Mentions l\u00e9gales\"}]},{\"@type\":\"WebSite\",\"@id\":\"https:\/\/france-u-almaty2017.com\/#website\",\"url\":\"https:\/\/france-u-almaty2017.com\/\",\"name\":\"France U Almaty 2017\",\"description\":\"27\u00e8me Universiade d&#039;hiver - France U\",\"publisher\":{\"@id\":\"https:\/\/france-u-almaty2017.com\/#organization\"},\"potentialAction\":[{\"@type\":\"SearchAction\",\"target\":{\"@type\":\"EntryPoint\",\"urlTemplate\":\"https:\/\/france-u-almaty2017.com\/?s={search_term_string}\"},\"query-input\":\"required name=search_term_string\"}],\"inLanguage\":\"fr-FR\"},{\"@type\":\"Organization\",\"@id\":\"https:\/\/france-u-almaty2017.com\/#organization\",\"name\":\"France U Almaty 2017\",\"url\":\"https:\/\/france-u-almaty2017.com\/\",\"logo\":{\"@type\":\"ImageObject\",\"inLanguage\":\"fr-FR\",\"@id\":\"https:\/\/france-u-almaty2017.com\/#\/schema\/logo\/image\/\",\"url\":\"https:\/\/france-u-almaty2017.com\/wp-content\/uploads\/2016\/12\/logo_large.png\",\"contentUrl\":\"https:\/\/france-u-almaty2017.com\/wp-content\/uploads\/2016\/12\/logo_large.png\",\"width\":1017,\"height\":160,\"caption\":\"France U Almaty 2017\"},\"image\":{\"@id\":\"https:\/\/france-u-almaty2017.com\/#\/schema\/logo\/image\/\"},\"sameAs\":[\"https:\/\/www.facebook.com\/FFSportUniversitaire\/\",\"https:\/\/twitter.com\/ffsportu\"]}]}<\/script>\n<!-- \/ Yoast SEO plugin. -->","yoast_head_json":{"title":"Mentions l\u00e9gales - France U Almaty 2017","robots":{"index":"index","follow":"follow","max-snippet":"max-snippet:-1","max-image-preview":"max-image-preview:large","max-video-preview":"max-video-preview:-1"},"canonical":"https:\/\/france-u-almaty2017.com\/index.php\/mentions-legales\/","og_locale":"fr_FR","og_type":"article","og_title":"Mentions l\u00e9gales - France U Almaty 2017","og_description":"Vous \u00eates actuellement connect\u00e9 au site \u00ab france-u-almaty.com\u00a0\u00bb \u00e9dit\u00e9 par la F\u00e9d\u00e9ration Fran\u00e7aise du Sport Universitaire (FF Sport U).Le pr\u00e9sent site internet est\u00a0la propri\u00e9t\u00e9 exclusive de la F\u00e9d\u00e9ration Fran\u00e7aise du Sport Universitaire, association loi 1901, dont le si\u00e8ge se situe &hellip; Lire la suite\u00ad\u00ad","og_url":"https:\/\/france-u-almaty2017.com\/index.php\/mentions-legales\/","og_site_name":"France U Almaty 2017","article_publisher":"https:\/\/www.facebook.com\/FFSportUniversitaire\/","article_modified_time":"2016-12-11T12:22:34+00:00","twitter_card":"summary_large_image","twitter_site":"@ffsportu","twitter_misc":{"Dur\u00e9e de lecture estim\u00e9e":"1 minute"},"schema":{"@context":"https:\/\/schema.org","@graph":[{"@type":"WebPage","@id":"https:\/\/france-u-almaty2017.com\/index.php\/mentions-legales\/","url":"https:\/\/france-u-almaty2017.com\/index.php\/mentions-legales\/","name":"Mentions l\u00e9gales - France U Almaty 2017","isPartOf":{"@id":"https:\/\/france-u-almaty2017.com\/#website"},"datePublished":"2016-12-11T11:40:23+00:00","dateModified":"2016-12-11T12:22:34+00:00","breadcrumb":{"@id":"https:\/\/france-u-almaty2017.com\/index.php\/mentions-legales\/#breadcrumb"},"inLanguage":"fr-FR","potentialAction":[{"@type":"ReadAction","target":["https:\/\/france-u-almaty2017.com\/index.php\/mentions-legales\/"]}]},{"@type":"BreadcrumbList","@id":"https:\/\/france-u-almaty2017.com\/index.php\/mentions-legales\/#breadcrumb","itemListElement":[{"@type":"ListItem","position":1,"name":"Accueil","item":"https:\/\/france-u-almaty2017.com\/"},{"@type":"ListItem","position":2,"name":"Mentions l\u00e9gales"}]},{"@type":"WebSite","@id":"https:\/\/france-u-almaty2017.com\/#website","url":"https:\/\/france-u-almaty2017.com\/","name":"France U Almaty 2017","description":"27\u00e8me Universiade d&#039;hiver - France U","publisher":{"@id":"https:\/\/france-u-almaty2017.com\/#organization"},"potentialAction":[{"@type":"SearchAction","target":{"@type":"EntryPoint","urlTemplate":"https:\/\/france-u-almaty2017.com\/?s={search_term_string}"},"query-input":"required name=search_term_string"}],"inLanguage":"fr-FR"},{"@type":"Organization","@id":"https:\/\/france-u-almaty2017.com\/#organization","name":"France U Almaty 2017","url":"https:\/\/france-u-almaty2017.com\/","logo":{"@type":"ImageObject","inLanguage":"fr-FR","@id":"https:\/\/france-u-almaty2017.com\/#\/schema\/logo\/image\/","url":"https:\/\/france-u-almaty2017.com\/wp-content\/uploads\/2016\/12\/logo_large.png","contentUrl":"https:\/\/france-u-almaty2017.com\/wp-content\/uploads\/2016\/12\/logo_large.png","width":1017,"height":160,"caption":"France U Almaty 2017"},"image":{"@id":"https:\/\/france-u-almaty2017.com\/#\/schema\/logo\/image\/"},"sameAs":["https:\/\/www.facebook.com\/FFSportUniversitaire\/","https:\/\/twitter.com\/ffsportu"]}]}},"jetpack_sharing_enabled":true,"jetpack_shortlink":"https:\/\/wp.me\/P8gHul-3d","_links":{"self":[{"href":"https:\/\/france-u-almaty2017.com\/index.php\/wp-json\/wp\/v2\/pages\/199"}],"collection":[{"href":"https:\/\/france-u-almaty2017.com\/index.php\/wp-json\/wp\/v2\/pages"}],"about":[{"href":"https:\/\/france-u-almaty2017.com\/index.php\/wp-json\/wp\/v2\/types\/page"}],"author":[{"embeddable":true,"href":"https:\/\/france-u-almaty2017.com\/index.php\/wp-json\/wp\/v2\/users\/1"}],"replies":[{"embeddable":true,"href":"https:\/\/france-u-almaty2017.com\/index.php\/wp-json\/wp\/v2\/comments?post=199"}],"version-history":[{"count":5,"href":"https:\/\/france-u-almaty2017.com\/index.php\/wp-json\/wp\/v2\/pages\/199\/revisions"}],"predecessor-version":[{"id":208,"href":"https:\/\/france-u-almaty2017.com\/index.php\/wp-json\/wp\/v2\/pages\/199\/revisions\/208"}],"wp:attachment":[{"href":"https:\/\/france-u-almaty2017.com\/index.php\/wp-json\/wp\/v2\/media?parent=199"}],"curies":[{"name":"wp","href":"https:\/\/api.w.org\/{rel}","templated":true}]}}